{"id":1010,"date":"2013-07-31T07:40:54","date_gmt":"2013-07-31T07:40:54","guid":{"rendered":"http:\/\/themes.kadencethemes.com\/virtue2\/?page_id=254"},"modified":"2025-07-03T04:57:32","modified_gmt":"2025-07-03T02:57:32","slug":"icons-2","status":"publish","type":"page","link":"https:\/\/avesbolivianas.org\/?page_id=1010","title":{"rendered":"Nosotros"},"content":{"rendered":"\n<p><strong>AVES BOLIVIANAS<\/strong>, se dedica a la conservaci\u00f3n de aves y sus h\u00e1bitats naturales, vali\u00e9ndose de herramientas: pol\u00edticas, legales, de desarrollo sostenible, estrategias educacionales, formativas, de difusi\u00f3n, entre otras. Siendo nuestro principal objetivo evitar la extinci\u00f3n de cualquier especie de ave en toda el \u00e1rea geogr\u00e1fica del pa\u00eds de Bolivia. Estas acciones de la asociaci\u00f3n van ligadas estrechamente al hombre, que pasar\u00e1n a ser los actores principales de todas estas tareas.<\/p>\n\n\n\n<p><strong>Misi\u00f3n<\/strong><\/p>\n\n\n\n<p>Aportar a la conservaci\u00f3n de las aves y sus h\u00e1bitats a trav\u00e9s de la investigaci\u00f3n y el manejo adecuado de las mismas, promoviendo en esto, la participaci\u00f3n activa de los habitantes en pos del desarrollo sostenible del pa\u00eds.<\/p>\n\n\n\n<p><strong>Visi\u00f3n<\/strong><\/p>\n\n\n\n<p>Convertirnos en la instituci\u00f3n referente a nivel nacional e internacional para la investigaci\u00f3n, manejo adecuado y conservaci\u00f3n de las aves en Bolivia.<\/p>\n\n\n\n\n\n<h3 class=\"wp-block-heading\"><strong>Contactos<\/strong><\/h3>\n\n\n\n<div class=\"wp-block-kadence-iconlist kt-svg-icon-list-items kt-svg-icon-list-items1010_0a7aee-d5 kt-svg-icon-list-columns-1 alignnone\"><ul class=\"kt-svg-icon-list\">\n<li class=\"wp-block-kadence-listitem kt-svg-icon-list-item-wrap kt-svg-icon-list-item-1010_b2e92c-3e\"><span class=\"kb-svg-icon-wrap kb-svg-icon-fe_checkCircle kt-svg-icon-list-single\"><svg viewBox=\"0 0 24 24\"  fill=\"none\" stroke=\"currentColor\" stroke-width=\"2\" stroke-linecap=\"round\" stroke-linejoin=\"round\" xmlns=\"http:\/\/www.w3.org\/2000\/svg\"  aria-hidden=\"true\"><path d=\"M22 11.08V12a10 10 0 1 1-5.93-9.14\"\/><polyline points=\"22 4 12 14.01 9 11.01\"\/><\/svg><\/span><span class=\"kt-svg-icon-list-text\"><a href=\"mailto:avesbolivianas@avesbolivianas.org\" target=\"_blank\" rel=\"noreferrer noopener\">avesbolivianas@avesbolivianas.org<\/a><\/span><\/li>\n\n\n\n<li class=\"wp-block-kadence-listitem kt-svg-icon-list-item-wrap kt-svg-icon-list-item-1010_e99b13-5f\"><span class=\"kb-svg-icon-wrap kb-svg-icon-fe_mail kt-svg-icon-list-single\"><svg viewBox=\"0 0 24 24\"  fill=\"none\" stroke=\"currentColor\" stroke-width=\"2\" stroke-linecap=\"round\" stroke-linejoin=\"round\" xmlns=\"http:\/\/www.w3.org\/2000\/svg\"  aria-hidden=\"true\"><path d=\"M4 4h16c1.1 0 2 .9 2 2v12c0 1.1-.9 2-2 2H4c-1.1 0-2-.9-2-2V6c0-1.1.9-2 2-2z\"\/><polyline points=\"22,6 12,13 2,6\"\/><\/svg><\/span><span class=\"kt-svg-icon-list-text\"><a href=\"https:\/\/avesbolivianas.org\/contactos\/\">info@avesbolivianas.org<\/a><\/span><\/li>\n\n\n\n<li class=\"wp-block-kadence-listitem kt-svg-icon-list-item-wrap kt-svg-icon-list-item-1010_3eb9ba-14\"><span class=\"kb-svg-icon-wrap kb-svg-icon-fe_facebook kt-svg-icon-list-single\"><svg viewBox=\"0 0 24 24\"  fill=\"none\" stroke=\"currentColor\" stroke-width=\"2\" stroke-linecap=\"round\" stroke-linejoin=\"round\" xmlns=\"http:\/\/www.w3.org\/2000\/svg\"  aria-hidden=\"true\"><path d=\"M18 2h-3a5 5 0 0 0-5 5v3H7v4h3v8h4v-8h3l1-4h-4V7a1 1 0 0 1 1-1h3z\"\/><\/svg><\/span><span class=\"kt-svg-icon-list-text\"><a href=\"https:\/\/avesbolivianas.org\/contactos\/\"><\/a><a href=\"https:\/\/www.facebook.com\/AvesBolivianas\/\" target=\"_blank\" rel=\"noreferrer noopener\">@avesbolivianas<\/a><\/span><\/li>\n\n\n\n<li class=\"wp-block-kadence-listitem kt-svg-icon-list-item-wrap kt-svg-icon-list-item-1010_14fd2a-ee\"><span class=\"kb-svg-icon-wrap kb-svg-icon-fe_instagram kt-svg-icon-list-single\"><svg viewBox=\"0 0 24 24\"  fill=\"none\" stroke=\"currentColor\" stroke-width=\"2\" stroke-linecap=\"round\" stroke-linejoin=\"round\" xmlns=\"http:\/\/www.w3.org\/2000\/svg\"  aria-hidden=\"true\"><rect x=\"2\" y=\"2\" width=\"20\" height=\"20\" rx=\"5\" ry=\"5\"\/><path d=\"M16 11.37A4 4 0 1 1 12.63 8 4 4 0 0 1 16 11.37z\"\/><line x1=\"17.5\" y1=\"6.5\" x2=\"17.5\" y2=\"6.5\"\/><\/svg><\/span><span class=\"kt-svg-icon-list-text\"><a href=\"https:\/\/avesbolivianas.org\/contactos\/\"><\/a><a href=\"https:\/\/www.facebook.com\/AvesBolivianas\/\" target=\"_blank\" rel=\"noreferrer noopener\"><\/a><a href=\"https:\/\/www.instagram.com\/aves.bolivianas\/\" target=\"_blank\" rel=\"noreferrer noopener\">aves_bolivianas<\/a><\/span><\/li>\n\n\n\n<li class=\"wp-block-kadence-listitem kt-svg-icon-list-item-wrap kt-svg-icon-list-item-1010_c934f4-6e\"><span class=\"kb-svg-icon-wrap kb-svg-icon-fa_whatsapp kt-svg-icon-list-single\"><svg viewBox=\"0 0 448 512\"  fill=\"currentColor\" xmlns=\"http:\/\/www.w3.org\/2000\/svg\"  aria-hidden=\"true\"><path d=\"M380.9 97.1C339 55.1 283.2 32 223.9 32c-122.4 0-222 99.6-222 222 0 39.1 10.2 77.3 29.6 111L0 480l117.7-30.9c32.4 17.7 68.9 27 106.1 27h.1c122.3 0 224.1-99.6 224.1-222 0-59.3-25.2-115-67.1-157zm-157 341.6c-33.2 0-65.7-8.9-94-25.7l-6.7-4-69.8 18.3L72 359.2l-4.4-7c-18.5-29.4-28.2-63.3-28.2-98.2 0-101.7 82.8-184.5 184.6-184.5 49.3 0 95.6 19.2 130.4 54.1 34.8 34.9 56.2 81.2 56.1 130.5 0 101.8-84.9 184.6-186.6 184.6zm101.2-138.2c-5.5-2.8-32.8-16.2-37.9-18-5.1-1.9-8.8-2.8-12.5 2.8-3.7 5.6-14.3 18-17.6 21.8-3.2 3.7-6.5 4.2-12 1.4-32.6-16.3-54-29.1-75.5-66-5.7-9.8 5.7-9.1 16.3-30.3 1.8-3.7.9-6.9-.5-9.7-1.4-2.8-12.5-30.1-17.1-41.2-4.5-10.8-9.1-9.3-12.5-9.5-3.2-.2-6.9-.2-10.6-.2-3.7 0-9.7 1.4-14.8 6.9-5.1 5.6-19.4 19-19.4 46.3 0 27.3 19.9 53.7 22.6 57.4 2.8 3.7 39.1 59.7 94.8 83.8 35.2 15.2 49 16.5 66.6 13.9 10.7-1.6 32.8-13.4 37.4-26.4 4.6-13 4.6-24.1 3.2-26.4-1.3-2.5-5-3.9-10.5-6.6z\"\/><\/svg><\/span><span class=\"kt-svg-icon-list-text\"><a href=\"https:\/\/avesbolivianas.org\/contactos\/\"><\/a><a href=\"https:\/\/www.facebook.com\/AvesBolivianas\/\" target=\"_blank\" rel=\"noreferrer noopener\"><\/a><a href=\"Cel: 72140845\">Cel. 72140845<\/a><\/span><\/li>\n<\/ul><\/div>\n","protected":false},"excerpt":{"rendered":"<p>AVES BOLIVIANAS, se dedica a la conservaci\u00f3n de aves y sus h\u00e1bitats naturales, vali\u00e9ndose de herramientas: pol\u00edticas, legales, de desarrollo sostenible, estrategias educacionales, formativas, de difusi\u00f3n, entre otras. Siendo nuestro principal objetivo evitar la extinci\u00f3n de cualquier especie de ave en toda el \u00e1rea geogr\u00e1fica del pa\u00eds de Bolivia. Estas acciones de la asociaci\u00f3n van [&hellip;]<\/p>\n","protected":false},"author":2,"featured_media":0,"parent":0,"menu_order":0,"comment_status":"open","ping_status":"open","template":"","meta":{"footnotes":""},"class_list":["post-1010","page","type-page","status-publish","hentry"],"_links":{"self":[{"href":"https:\/\/avesbolivianas.org\/index.php?rest_route=\/wp\/v2\/pages\/1010","targetHints":{"allow":["GET"]}}],"collection":[{"href":"https:\/\/avesbolivianas.org\/index.php?rest_route=\/wp\/v2\/pages"}],"about":[{"href":"https:\/\/avesbolivianas.org\/index.php?rest_route=\/wp\/v2\/types\/page"}],"author":[{"embeddable":true,"href":"https:\/\/avesbolivianas.org\/index.php?rest_route=\/wp\/v2\/users\/2"}],"replies":[{"embeddable":true,"href":"https:\/\/avesbolivianas.org\/index.php?rest_route=%2Fwp%2Fv2%2Fcomments&post=1010"}],"version-history":[{"count":60,"href":"https:\/\/avesbolivianas.org\/index.php?rest_route=\/wp\/v2\/pages\/1010\/revisions"}],"predecessor-version":[{"id":1754,"href":"https:\/\/avesbolivianas.org\/index.php?rest_route=\/wp\/v2\/pages\/1010\/revisions\/1754"}],"wp:attachment":[{"href":"https:\/\/avesbolivianas.org\/index.php?rest_route=%2Fwp%2Fv2%2Fmedia&parent=1010"}],"curies":[{"name":"wp","href":"https:\/\/api.w.org\/{rel}","templated":true}]}}